{"id":76,"date":"2013-01-25T21:09:05","date_gmt":"2013-01-25T20:09:05","guid":{"rendered":"http:\/\/www.suetterlin-web.de\/?page_id=76"},"modified":"2013-01-31T00:23:43","modified_gmt":"2013-01-30T23:23:43","slug":"blog","status":"publish","type":"page","link":"https:\/\/www.suetterlin-web.de\/?page_id=76","title":{"rendered":"Blog"},"content":{"rendered":"<div class=\"content-bootstrap-area\"><div class=\"display-posts-listing\"><div class=\"listing-item\"><a class=\"title\" href=\"https:\/\/www.suetterlin-web.de\/?p=298\">Am I Responsive?<\/a> <span class=\"date\">(3\/28\/2013)<\/span> <span class=\"excerpt-dash\">-<\/span> <span class=\"excerpt\">Heute morgen habe ich auf www.elmastudio.de einen Beitrag \u00fcber ein Tool f\u00fcr die Darstellung bzw. \u00dcberpr\u00fcfung der eigenen Homepage auf responsive design gelesen. Daraufhin habe ich auch meine Page mal durchlaufen lassen. Hier das Ergebnis: Wer das Tool mal ausprobieren &hellip;<p class=\"read-more\"> <a class=\"more-link\" href=\"https:\/\/www.suetterlin-web.de\/?p=298\"> <span class=\"screen-reader-text\">Am I Responsive?<\/span> Weiterlesen &raquo;<\/a><\/p><\/span><\/div><div class=\"listing-item\"><a class=\"image\" href=\"https:\/\/www.suetterlin-web.de\/?p=281\"><img width=\"150\" height=\"150\" src=\"https:\/\/www.suetterlin-web.de\/wp-content\/uploads\/2013\/02\/flickr_cj_sveningsson_3236958084_e871f53343_b-150x150.jpg\" class=\"attachment-thumbnail size-thumbnail wp-post-image\" alt=\"\" loading=\"lazy\" \/><\/a> <a class=\"title\" href=\"https:\/\/www.suetterlin-web.de\/?p=281\">Hausautmation mit FHEM und CUL<\/a> <span class=\"date\">(2\/4\/2013)<\/span> <span class=\"excerpt-dash\">-<\/span> <span class=\"excerpt\">FHEM ist ein Hausautomations-Server geschrieben von Rudolf Koenig um FS20-Komponenten und andere Ger\u00e4te zu steuern. Er ist komplett in Perl implementiert und l\u00e4uft somit auf diversen Systemen. Ich nutzte ihn um meine Heizk\u00f6rper zu regeln und die Verbr\u00e4uche von Gas &hellip;<p class=\"read-more\"> <a class=\"more-link\" href=\"https:\/\/www.suetterlin-web.de\/?p=281\"> <span class=\"screen-reader-text\">Hausautmation mit FHEM und CUL<\/span> Weiterlesen &raquo;<\/a><\/p><\/span><\/div><div class=\"listing-item\"><a class=\"image\" href=\"https:\/\/www.suetterlin-web.de\/?p=144\"><img width=\"150\" height=\"150\" src=\"https:\/\/www.suetterlin-web.de\/wp-content\/uploads\/2013\/01\/7988262046_92331bed50_m-150x150.jpg\" class=\"attachment-thumbnail size-thumbnail wp-post-image\" alt=\"\" loading=\"lazy\" \/><\/a> <a class=\"title\" href=\"https:\/\/www.suetterlin-web.de\/?p=144\">Raspberry Pi und JeeNode<\/a> <span class=\"date\">(1\/29\/2013)<\/span> <span class=\"excerpt-dash\">-<\/span> <span class=\"excerpt\">In meiner Freizeit besch\u00e4ftige ich mich unter anderem mit Hausautomation und kleinen ARM-Linux-Computern. Hier ist ein interessanter Artikel um den Raspberry Pi \u00fcber die Serielle Schnittstelle an&nbsp;einen RFM12B Transciever anzuschlie\u00dfen und das ganze so in die Wireless-Home-Automation einzubinden. http:\/\/jeelabs.org\/2012\/09\/20\/serial-hookup-jeenode-to-raspberry-pi\/<\/span><\/div><div class=\"listing-item\"><a class=\"title\" href=\"https:\/\/www.suetterlin-web.de\/?p=130\">Juristentag und Anonymit\u00e4t im Internet<\/a> <span class=\"date\">(1\/15\/2013)<\/span> <span class=\"excerpt-dash\">-<\/span> <span class=\"excerpt\">Auf dem Juristentag 18.-21. September 2012 in M\u00fcnchen wurde beschlossen: Ein \u201eRecht auf anonyme Internet-Nutzung\u201c ist nicht anzuerkennen Seite 24, Punkt 6.b und Telekommunikationsanbieter sollten [&#8230;] verpflichtet werden, bestimmte Verkehrsdaten zu sammeln und f\u00fcr mindestens sechs Monate zu speichern Seite &hellip;<p class=\"read-more\"> <a class=\"more-link\" href=\"https:\/\/www.suetterlin-web.de\/?p=130\"> <span class=\"screen-reader-text\">Juristentag und Anonymit\u00e4t im Internet<\/span> Weiterlesen &raquo;<\/a><\/p><\/span><\/div><div class=\"listing-item\"><a class=\"title\" href=\"https:\/\/www.suetterlin-web.de\/?p=73\">Relaunch www.suetterlin-web.de<\/a> <span class=\"date\">(1\/3\/2013)<\/span> <span class=\"excerpt-dash\">-<\/span> <span class=\"excerpt\">Ich hoffe, die neue Seite gef\u00e4llt Ihnen genauso gut wie mir und ich w\u00fcnsche Ihnen viel Spass mit dem neuen Auftritt.<\/span><\/div><\/div>\n<\/div>","protected":false},"excerpt":{"rendered":"","protected":false},"author":1,"featured_media":0,"parent":0,"menu_order":0,"comment_status":"closed","ping_status":"open","template":"","meta":[],"tags":[9],"_links":{"self":[{"href":"https:\/\/www.suetterlin-web.de\/index.php?rest_route=\/wp\/v2\/pages\/76"}],"collection":[{"href":"https:\/\/www.suetterlin-web.de\/index.php?rest_route=\/wp\/v2\/pages"}],"about":[{"href":"https:\/\/www.suetterlin-web.de\/index.php?rest_route=\/wp\/v2\/types\/page"}],"author":[{"embeddable":true,"href":"https:\/\/www.suetterlin-web.de\/index.php?rest_route=\/wp\/v2\/users\/1"}],"replies":[{"embeddable":true,"href":"https:\/\/www.suetterlin-web.de\/index.php?rest_route=%2Fwp%2Fv2%2Fcomments&post=76"}],"version-history":[{"count":16,"href":"https:\/\/www.suetterlin-web.de\/index.php?rest_route=\/wp\/v2\/pages\/76\/revisions"}],"predecessor-version":[{"id":269,"href":"https:\/\/www.suetterlin-web.de\/index.php?rest_route=\/wp\/v2\/pages\/76\/revisions\/269"}],"wp:attachment":[{"href":"https:\/\/www.suetterlin-web.de\/index.php?rest_route=%2Fwp%2Fv2%2Fmedia&parent=76"}],"wp:term":[{"taxonomy":"post_tag","embeddable":true,"href":"https:\/\/www.suetterlin-web.de\/index.php?rest_route=%2Fwp%2Fv2%2Ftags&post=76"}],"curies":[{"name":"wp","href":"https:\/\/api.w.org\/{rel}","templated":true}]}}